{"id":1718,"date":"2025-07-15T14:48:26","date_gmt":"2025-07-15T12:48:26","guid":{"rendered":"https:\/\/vitalys-center.nubedev.es\/new-technologies\/high-power-laser\/"},"modified":"2025-08-01T08:13:42","modified_gmt":"2025-08-01T06:13:42","slug":"high-power-laser","status":"publish","type":"page","link":"https:\/\/vitalyscenter.es\/en\/new-technologies\/high-power-laser\/","title":{"rendered":"High-Power Laser"},"content":{"rendered":"<section x-data=\"{ muted: true }\" x-init=\"$refs.heroVideo.muted = muted\" class=\"w-full h-full flex flex-col relative justify-center z-10 text-white bg-cover bg-[center_30%] bg-no-repeat\" style=\"background-image: url(https:\/\/vitalyscenter.es\/wp-content\/uploads\/2025\/04\/DSA9256-scaled.webp);\">\n\n\n    <div class=\"relative  container mx-auto  min-h-[50vh] sm:min-h-[70vh] flex flex-col justify-center items-center z-30\">\n        \n                    <h1 class=\"w-full text-center font-sans flex flex-col items-center justify-center\">\n                                    <span\n                        class=\" text-xl sm:text-3xl lg:text-5xl xl:text-6xl \">New Technology<\/span>\n                                                    <span\n                        class=\" text-xl sm:text-3xl lg:text-5xl xl:text-6xl \">High-Power Laser<\/span>\n                            <\/h1>\n        \n        \n            <\/div>\n\n    \n    \n\n\n            <div class=\"flex items-center text-xs sm:text-base text-white mb-10 sm:self-start ml-5 sm:ml-10\">\n            <a href=\"https:\/\/vitalyscenter.es\/en\/\">Vitalys Center<\/a>\n<script type=\"application\/ld+json\">{\n    \"@context\": \"https:\/\/schema.org\",\n    \"@type\": \"BreadcrumbList\",\n    \"itemListElement\": [\n        {\n            \"@type\": \"ListItem\",\n            \"position\": 1,\n            \"name\": \"Vitalys Center\",\n            \"item\": \"https:\/\/vitalyscenter.es\/en\/\"\n        }\n    ]\n}<\/script>\n        <\/div>\n    \n<\/section>\n\n\n<section class=\"container mx-auto pt-10 flex flex-col lg:flex-row gap-10 2xl:px-0 px-5 sm:px-10 overflow-hidden\">\n    <div\n        class=\"w-full lg:w-1\/2 flex flex-col items-center lg:items-start justify-center lg:justify-start gap-5 xl:px-10\">\n        <p class=\"uppercase text-secondary text-base sm:text-xl xl:text-2xl\"><\/p>\n        <h2 class=\"text-2xl sm:text-4xl xl:text-5xl text-tertiary font-bold sm:text-left text-center\">What is High Power Laser?\n        <\/h2>\n        <div class=\"text-primary text-base sm:text-xl xl:text-2xl lg:text-left text-center\"><p>SPEED UP RECOVERY AND REDUCE PAIN<\/p>\n<\/div>\n        <div class=\"text-secondary text-sm sm:text-base lg:text-left text-center\"><p><b>High-power laser <\/b><span style=\"font-weight: 400;\">therapy<\/span> <span style=\"font-weight: 400;\">is an advanced physiotherapy tool that offers powerful pain relief, inflammation reduction, and tissue regeneration stimulation, with superior comfort and effectiveness compared to many traditional therapies.<\/span> &nbsp;<br \/>\n<span style=\"font-weight: 400;\">Est\u00e1 indicado para acelerar la recuperaci\u00f3n, reducir el dolor y mejorar la calidad de vida de los pacientes con lesiones musculoesquel\u00e9ticas, sean deportistas, personas activas o pacientes con patolog\u00edas cr\u00f3nicas.<\/span> &nbsp; <span style=\"font-weight: 400;\">En Vitalys Center contamos con este tratamiento en cada una de nuestras cl\u00ednicas, con el objetivo de tratar el dolor de forma eficaz, acelerar la recuperaci\u00f3n funcional y mejorar la calidad de vida de nuestros pacientes.<\/span><\/p>\n<\/div>\n\n\n                <div class=\"w-full flex gap-5 align-center justify-center items-center z-20 flex-col py-5\">\n                                                        <a href=\"#wpcf7-f67-p1007-o1\" target=\"\"\n                            class=\"py-1 sm:py-2 px-4 sm:px-6 w-fit rounded-full text-xs sm:text-base !no-underline flex flex-row items-center gap-2 hover:-translate-y-1 transition-all duration-300 ease-in-out boton-tlf-fondo bg-primary text-white text-xs rounded-none\">\n                                                            <i class=\"bi bi-telephone\"><\/i>\n                                                        <span>Request an appointment<\/span>\n                                                    <\/a>\n                                                          \n        <\/div>\n        \n        <div class=\"w-full lg:hidden flex flex-col items-center justify-center gap-10\">\n            <div class=\"swiper-tecnologias overflow-hidden h-[350px] sm:h-[500px] w-full\">\n                <div class=\"swiper-wrapper\">\n                                            <div class=\"swiper-slide\">\n                            <div class=\"overflow-hidden rounded-4xl w-full h-full\">\n                                <img decoding=\"async\" src=\"https:\/\/vitalyscenter.es\/wp-content\/uploads\/2025\/07\/laser2.jpg\" alt=\"l\u00e1ser de alta potencia\"\n                                    class=\"img-tecnologia object-cover object-center w-full h-full transition-opacity duration-300 ease-in-out\"\n                                    data-index=\"0\">\n                            <\/div>\n                        <\/div>\n                                    <\/div>\n            <\/div>\n        <\/div>\n            <\/div>\n    <div class=\"w-1\/2 hidden lg:flex flex-col items-center justify-center lg:justify-start gap-10\">\n        <div class=\"swiper-tecnologias overflow-hidden h-[400px] 3xl:h-[500px] w-full\">\n            <div class=\"swiper-wrapper\">\n                                    <div class=\"swiper-slide\">\n                        <div class=\"overflow-hidden rounded-4xl w-full h-full\">\n                            <img decoding=\"async\" src=\"https:\/\/vitalyscenter.es\/wp-content\/uploads\/2025\/07\/laser2.jpg\" alt=\"l\u00e1ser de alta potencia\"\n                                class=\"img-tecnologia object-cover object-center w-full h-full transition-opacity duration-300 ease-in-out\"\n                                data-index=\"0\">\n                        <\/div>\n                    <\/div>\n                            <\/div>\n        <\/div>\n        <div class=\"swiper-tecnologias-pagination !w-fit\"><\/div>\n    <\/div>\n<\/section>\n\n\n<section class=\"pt-5 lg:pt-10 font-sans container  mx-auto  lg:px-5\">\n    <div class=\"flex flex-col lg:flex-row-reverse   bg-white overflow-hidden\">\n        \n        \n        <div class=\"w-full lg:w-3\/5 text-white  py-5  sm:py-10 3xl:py-20 flex flex-col justify-center px-5   lg:pl-20 \">\n                            <h2 class=\"text-2xl sm:text-3xl xl:text-4xl 2xl:text-5xl font-bold mb-4 lg:text-left text-center text-tertiary\">\n                     \n                <\/h2>\n            \n                            <p class=\"text-lg sm:text-xl xl:text-2xl 2xl:text-3xl  mb-4 lg:text-left text-center text-primary\">WHICH PATIENTS ARE SUITABLE FOR HIGH-POWER LASER TREATMENT?<\/p>\n            \n                            <div class=\"text-sm sm:text-base max-w-none mb-6  lg:text-left text-center text-secondary lg:w-[90%]\">\n                    <p><span style=\"font-weight: 400;\">The<\/span> <b>High-Power Laser<\/b> <span style=\"font-weight: 400;\">is particularly suitable for patients with acute or chronic musculoskeletal injuries, inflammatory processes, and persistent pain. In short, it is indicated for patients who need to relieve pain, regain mobility, and accelerate regeneration in a comfortable and safe manner. <\/span><\/p>\n\n                <\/div>\n            \n            \n        <\/div>\n\n        \n        \n        \n        <div class=\"w-full lg:w-2\/5 flex items-center justify-center p-0 bg-white relative min-h-[300px] lg:min-h-[auto] w-[90%]  rounded-2xl lg:rounded-r-full\">\n                            <div \n                    class=\"absolute inset-0 bg-cover bg-center bg-no-repeat rounded-2xl mx-5 sm:mx-[10%] lg:mx-0 lg:rounded-r-full\"\n                    style=\"background-image: url('https:\/\/vitalyscenter.es\/wp-content\/uploads\/2025\/06\/3-scaled.webp');\">\n                <\/div>\n                    <\/div>\n\n    <\/div>\n<\/section>\n\n<section class=\"w-full\">\n    <div class=\"container mx-auto\">\n                <div class=\"px-10 text-center prose prose-base md:prose-lg mx-auto\">\n            <p class=\"text-foreground text-xl\"><\/p>\n        <\/div>\n        <div class=\"flex flex-col items-center sm:items-start pt-10 sm:pt-15 px-5 sm:px-10\">\n            <h3 class=\"text-lg sm:text-xl text-center font-semibold text-secondary pb-5 sm:pb-10\">Some of the most common cases in which its use is recommended are:<\/h3>\n            <div class=\"w-full grid grid-cols-1 md:grid-cols-2 gap-y-5 gap-x-5 \">\n                                    <div class=\"flex items-start gap-x-2\">\n                        <div class=\"w-3 sm:w-5 h-3 sm:h-5 rounded-full border-3 sm:border-4 border-primary mt-1\"><\/div>\n                        <p class=\"text-secondary text-sm sm:text-base\">Acute or chronic pain: neck pain, lower back pain, sciatica, neuralgia.<\/p>\n                    <\/div>\n                                    <div class=\"flex items-start gap-x-2\">\n                        <div class=\"w-3 sm:w-5 h-3 sm:h-5 rounded-full border-3 sm:border-4 border-primary mt-1\"><\/div>\n                        <p class=\"text-secondary text-sm sm:text-base\">Common injuries: strains, sprains, contusions, muscle overload, muscle fiber tears, contractures.<\/p>\n                    <\/div>\n                                    <div class=\"flex items-start gap-x-2\">\n                        <div class=\"w-3 sm:w-5 h-3 sm:h-5 rounded-full border-3 sm:border-4 border-primary mt-1\"><\/div>\n                        <p class=\"text-secondary text-sm sm:text-base\">Tendinopathies and tendon injuries: tendinitis, tendinosis (tennis elbow, plantar fasciitis, patellar tendon or Achilles tendon).<\/p>\n                    <\/div>\n                                    <div class=\"flex items-start gap-x-2\">\n                        <div class=\"w-3 sm:w-5 h-3 sm:h-5 rounded-full border-3 sm:border-4 border-primary mt-1\"><\/div>\n                        <p class=\"text-secondary text-sm sm:text-base\">Arthritis and osteoarthritis: inflammatory and degenerative joint processes.<\/p>\n                    <\/div>\n                                    <div class=\"flex items-start gap-x-2\">\n                        <div class=\"w-3 sm:w-5 h-3 sm:h-5 rounded-full border-3 sm:border-4 border-primary mt-1\"><\/div>\n                        <p class=\"text-secondary text-sm sm:text-base\">Post-traumatic or post-surgical edema and inflammation.<\/p>\n                    <\/div>\n                            <\/div>\n        <\/div>\n    <\/div>\n<\/section>\n\n\n<div class=\"w-full container mx-auto px-5 sm:px-10 flex flex-col my-10 lg:mt-20\">\n    <div class=\"flex flex-col items-center lg:items-start justify-center gap-1\">\n        <div class=\"w-full flex flex-col gap-2 py-3\">\n                            <h2 class=\"w-full text-xl sm:text-2xl lg:text-3xl xl:text-4xl font-semibold font-sans mb-4 text-tertiary text-center lg:text-start\">Benefits compared to other treatments<\/h2>\n                                        <div class=\"w-full text-sm sm:text-base text-secondary\">\n                    <p><span style=\"font-weight: 400;\">Why choose<\/span> <b>high-power laser<\/b> <span style=\"font-weight: 400;\">over other treatments?<\/span><\/p>\n\n                <\/div>\n                    <\/div>\n                    <div class=\"w-full grid grid-cols-1 gap-y-2\">\n                                    <div class=\"flex flex-col justify-center text-start sm:items-start gap-5\">\n\n                        <div class=\"flex  items-center justify-start gap-2\">\n\n                                                                                                <img decoding=\"async\" class=\"w-8\" src=\"https:\/\/vitalyscenter.es\/wp-content\/uploads\/2025\/07\/icon2.png\"\n                                        alt=\"icono coraz\u00f3n lista\">\n                                                                                                                        <h3 class=\"text-start text-sm sm:text-base text-secondary \"><p><b>Deep and controlled penetration<\/b><span style=\"font-weight: 400;\">. The adjustable power and coherent beam enable selective targeting of deep tissues.<\/span><\/p>\n<\/h3>\n                                                    <\/div>\n                    <\/div>\n                                    <div class=\"flex flex-col justify-center text-start sm:items-start gap-5\">\n\n                        <div class=\"flex  items-center justify-start gap-2\">\n\n                                                                                                <img decoding=\"async\" class=\"w-8\" src=\"https:\/\/vitalyscenter.es\/wp-content\/uploads\/2025\/07\/icon2.png\"\n                                        alt=\"icono coraz\u00f3n lista\">\n                                                                                                                        <h3 class=\"text-start text-sm sm:text-base text-secondary \"><p><b>Powerful analgesic and anti-inflammatory effect<\/b><span style=\"font-weight: 400;\">. Modulates the local inflammatory response and reduces the release of pain mediators.<\/span><\/p>\n<\/h3>\n                                                    <\/div>\n                    <\/div>\n                                    <div class=\"flex flex-col justify-center text-start sm:items-start gap-5\">\n\n                        <div class=\"flex  items-center justify-start gap-2\">\n\n                                                                                                <img decoding=\"async\" class=\"w-8\" src=\"https:\/\/vitalyscenter.es\/wp-content\/uploads\/2025\/07\/icon2.png\"\n                                        alt=\"icono coraz\u00f3n lista\">\n                                                                                                                        <h3 class=\"text-start text-sm sm:text-base text-secondary \"><p><b>Stimulates tissue regeneration<\/b><span style=\"font-weight: 400;\">. Promotes cell proliferation and collagen synthesis.<\/span><\/p>\n<\/h3>\n                                                    <\/div>\n                    <\/div>\n                                    <div class=\"flex flex-col justify-center text-start sm:items-start gap-5\">\n\n                        <div class=\"flex  items-center justify-start gap-2\">\n\n                                                                                                <img decoding=\"async\" class=\"w-8\" src=\"https:\/\/vitalyscenter.es\/wp-content\/uploads\/2025\/07\/icon2.png\"\n                                        alt=\"icono coraz\u00f3n lista\">\n                                                                                                                        <h3 class=\"text-start text-sm sm:text-base text-secondary \"><p><b>Comfortable, quick, and painless sessions<\/b><span style=\"font-weight: 400;\">. Painless and pleasant application, with short treatments (usually 5\u201310 minutes per area).<\/span><\/p>\n<\/h3>\n                                                    <\/div>\n                    <\/div>\n                                    <div class=\"flex flex-col justify-center text-start sm:items-start gap-5\">\n\n                        <div class=\"flex  items-center justify-start gap-2\">\n\n                                                                                                <img decoding=\"async\" class=\"w-8\" src=\"https:\/\/vitalyscenter.es\/wp-content\/uploads\/2025\/07\/icon2.png\"\n                                        alt=\"icono coraz\u00f3n lista\">\n                                                                                                                        <h3 class=\"text-start text-sm sm:text-base text-secondary \"><p><b>Compatible and complementary with other therapies<\/b><span style=\"font-weight: 400;\">. It can be combined with manual physiotherapy, therapeutic exercise, electrotherapy, or functional bandaging.<\/span><\/p>\n<\/h3>\n                                                    <\/div>\n                    <\/div>\n                                    <div class=\"flex flex-col justify-center text-start sm:items-start gap-5\">\n\n                        <div class=\"flex  items-center justify-start gap-2\">\n\n                                                                                                <img decoding=\"async\" class=\"w-8\" src=\"https:\/\/vitalyscenter.es\/wp-content\/uploads\/2025\/07\/icon2.png\"\n                                        alt=\"icono coraz\u00f3n lista\">\n                                                                                                                        <h3 class=\"text-start text-sm sm:text-base text-secondary \"><p><b>Safety and adaptability<\/b><span style=\"font-weight: 400;\">. Well tolerated by most patients and no significant side effects in eligible patients.<\/span><\/p>\n<\/h3>\n                                                    <\/div>\n                    <\/div>\n                            <\/div>\n            <\/div>\n<\/div>\n\n\n\n<section\n    class=\" relative py-10 sm:mb-10 2xl:px-0 sm:px-10 px-5 bg-[50%_40%] bg-cover min-h-[20vh] lg:min-h-[40vh] text-white font-sans items-center justify-center flex\"\n    style=\"background-image: url('https:\/\/vitalyscenter.es\/wp-content\/uploads\/2025\/04\/DSA9256-scaled.webp');\">\n    <div class=\"absolute inset-0 min-h-[20vh] lg:min-h-[40vh] w-full z-30 bg-primary\/70\"\n        >\n    <\/div>\n\n    <div class=\"contenedor-banner container mx-auto z-40 grid grid-rows-2 lg:grid-cols-2 lg:grid-rows-1 gap-5 place-items-center justify-center\">\n\n                                    <div class=\"flex flex-col lg:items-start lg:justify-start items-center justify-center gap-3\">\n                    <div\n                        class=\"flex flex-row items-center justify-center lg:justify-start w-full gap-5 xl:gap-10 2xl:gap-20\">\n                        <h2 class=\"text-3xl sm:text-4xl lg:text-5xl xl:text-6xl 2xl:text-7xl font-medium\">\n                            Vitalys Center<\/h2>\n                        <img loading=\"lazy\" decoding=\"async\" src=\"https:\/\/vitalyscenter.es\/wp-content\/uploads\/2025\/06\/Group-44.webp\" alt=\"logo blanco Vitalys\"\n                            width=\"71\" height=\"79\"\n                            class=\"object-contain object-center w-8 h-8 sm:w-10 sm:h-10 lg:w-16 lg:h-16\">\n                    <\/div>\n                    <p class=\"text-lg sm:text-xl xl:text-2xl 2xl:text-3xl font-light\">Advanced Technology\n                    <\/p>\n                                    <\/div>\n                                                <div class=\"flex flex-col items-center justify-center gap-3\">\n                    <h2 class=\"text-lg sm:text-xl lg:text-2xl xl:text-3xl 2xl:text-4xl text-center\">\n                        <p><span style=\"font-weight: 400;\">Regain pain-free movement with<\/span> <b>High-Power Laser Therapy<\/b><\/p>\n<\/h2>\n                    <div class=\"text-xs sm:text-sm lg:text-base xl:text-lg 2xl:text-xl text-center w-2\/3\">\n                        <p><span style=\"font-weight: 400;\"> Advanced technology that regenerates tissue and improves your quality of life.<\/span><\/p>\n<\/div>\n                <\/div>\n                    \n    <\/div>\n\n\n\n\n\n\n<\/section>\n\n\n\n<section id=\"formulario-contacto\" class=\"container mx-auto text-center flex flex-col gap-4 sm:gap-6 items-center justify-center py-5 lg:py-10 px-4 overflow-hidden\">\n            <h2 class=\"titulo-centro text-lg sm:text-xl lg:text-2xl font-bold text-secondary\">\n            Start your recovery now\n\n        <\/h2>\n        <div class=\"bg-white w-auto flex flex-col items-center justify-center p-4\" data-id=\"formulario\">\n                    [contact-form-7 id=&#8221;443e6e0&#8243; title=&#8221;Contact form 1 ENG&#8221;]\n            <\/div>\n<\/section>\n","protected":false},"excerpt":{"rendered":"","protected":false},"author":1,"featured_media":0,"parent":1708,"menu_order":0,"comment_status":"closed","ping_status":"closed","template":"","meta":{"_acf_changed":false,"footnotes":""},"class_list":["post-1718","page","type-page","status-publish","hentry"],"acf":[],"_links":{"self":[{"href":"https:\/\/vitalyscenter.es\/en\/wp-json\/wp\/v2\/pages\/1718","targetHints":{"allow":["GET"]}}],"collection":[{"href":"https:\/\/vitalyscenter.es\/en\/wp-json\/wp\/v2\/pages"}],"about":[{"href":"https:\/\/vitalyscenter.es\/en\/wp-json\/wp\/v2\/types\/page"}],"author":[{"embeddable":true,"href":"https:\/\/vitalyscenter.es\/en\/wp-json\/wp\/v2\/users\/1"}],"replies":[{"embeddable":true,"href":"https:\/\/vitalyscenter.es\/en\/wp-json\/wp\/v2\/comments?post=1718"}],"version-history":[{"count":3,"href":"https:\/\/vitalyscenter.es\/en\/wp-json\/wp\/v2\/pages\/1718\/revisions"}],"predecessor-version":[{"id":1808,"href":"https:\/\/vitalyscenter.es\/en\/wp-json\/wp\/v2\/pages\/1718\/revisions\/1808"}],"up":[{"embeddable":true,"href":"https:\/\/vitalyscenter.es\/en\/wp-json\/wp\/v2\/pages\/1708"}],"wp:attachment":[{"href":"https:\/\/vitalyscenter.es\/en\/wp-json\/wp\/v2\/media?parent=1718"}],"curies":[{"name":"wp","href":"https:\/\/api.w.org\/{rel}","templated":true}]}}